{"id":431,"date":"2025-08-10T01:56:04","date_gmt":"2025-08-09T22:56:04","guid":{"rendered":"https:\/\/otomobilsatisi.com\/?page_id=431"},"modified":"2025-09-09T22:01:09","modified_gmt":"2025-09-09T19:01:09","slug":"hakkimizda","status":"publish","type":"page","link":"https:\/\/otomobilsatisi.com\/de\/hakkimizda\/","title":{"rendered":"\u00dcber uns"},"content":{"rendered":"<div data-elementor-type=\"wp-page\" data-elementor-id=\"431\" class=\"elementor elementor-431\">\n\t\t\t\t<div class=\"elementor-element elementor-element-b11bf9e e-flex e-con-boxed e-con e-parent\" data-id=\"b11bf9e\" data-element_type=\"container\" data-settings=\"{&quot;background_background&quot;:&quot;classic&quot;,&quot;jet_parallax_layout_list&quot;:[]}\">\n\t\t\t\t\t<div class=\"e-con-inner\">\n\t\t<div class=\"elementor-element elementor-element-58e35d7 e-con-full e-flex e-con e-child\" data-id=\"58e35d7\" data-element_type=\"container\" data-settings=\"{&quot;jet_parallax_layout_list&quot;:[]}\">\n\t\t\t\t<div class=\"elementor-element elementor-element-a1c2924 elementor-widget elementor-widget-heading\" data-id=\"a1c2924\" data-element_type=\"widget\" data-widget_type=\"heading.default\">\n\t\t\t\t\t<h2 class=\"elementor-heading-title elementor-size-default\">\u00dcber uns<\/h2>\t\t\t\t<\/div>\n\t\t\t\t<\/div>\n\t\t\t\t\t<\/div>\n\t\t\t\t<\/div>\n\t\t<div class=\"elementor-element elementor-element-676695f e-flex e-con-boxed elementor-invisible e-con e-parent\" data-id=\"676695f\" data-element_type=\"container\" data-settings=\"{&quot;jet_parallax_layout_list&quot;:[],&quot;animation&quot;:&quot;fadeInUp&quot;}\">\n\t\t\t\t\t<div class=\"e-con-inner\">\n\t\t<div class=\"elementor-element elementor-element-37c8d29 e-con-full e-flex e-con e-child\" data-id=\"37c8d29\" data-element_type=\"container\" data-settings=\"{&quot;jet_parallax_layout_list&quot;:[]}\">\n\t\t\t\t<div class=\"elementor-element elementor-element-1432528 elementor-widget elementor-widget-heading\" data-id=\"1432528\" data-element_type=\"widget\" data-widget_type=\"heading.default\">\n\t\t\t\t\t<h2 class=\"elementor-heading-title elementor-size-default\">\u00dcber uns<\/h2>\t\t\t\t<\/div>\n\t\t\t\t<div class=\"elementor-element elementor-element-a787490 elementor-widget elementor-widget-text-editor\" data-id=\"a787490\" data-element_type=\"widget\" data-widget_type=\"text-editor.default\">\n\t\t\t\t\t\t\t\t\t<p data-start=\"259\" data-end=\"617\"><strong data-start=\"259\" data-end=\"319\">An- und Verkauf von Fahrzeugen mit besch\u00e4digter oder unfallbedingter Zulassung<\/strong> Wir bieten zuverl\u00e4ssige, transparente und schnelle L\u00f6sungen. In unserem Portfolio <strong data-start=\"381\" data-end=\"397\">Pert-Bericht<\/strong>, <strong data-start=\"399\" data-end=\"418\">Versicherungsausschreibung<\/strong>, <strong data-start=\"420\" data-end=\"437\">Motor defekt<\/strong> Und <strong data-start=\"441\" data-end=\"458\">repariert<\/strong> Es gibt Autos und Nutzfahrzeuge. Unser Ziel ist es, genaue Informationen bereitzustellen, <strong data-start=\"519\" data-end=\"539\">Gutachten<\/strong> und eine klare Preisgestaltung, damit Sie schnellstm\u00f6glich das Fahrzeug finden, das zu Ihrem Budget passt.<\/p><p data-start=\"619\" data-end=\"1036\">Seit Jahren in diesem Sektor <strong data-start=\"641\" data-end=\"663\">transparente Schadenserfassung<\/strong> Und <strong data-start=\"667\" data-end=\"691\">ehrliche Informationen<\/strong> Wir arbeiten nach dem Prinzip der \u201eReparatur\u201c. In unseren Angeboten informieren wir Sie klar und deutlich \u00fcber besch\u00e4digte Artikel, Reparaturprozesse und ausgetauschte Teile. Unser Expertenteam beantwortet Ihre Fragen vor dem Kauf. Auf diese Weise <strong data-start=\"886\" data-end=\"909\">Pert Fahrzeugpreise<\/strong>, <strong data-start=\"911\" data-end=\"941\">Fahrzeuge mit schweren Sch\u00e4den<\/strong> Und <strong data-start=\"945\" data-end=\"971\">Unfallfahrzeug An- und Verkauf<\/strong> Bei Ihrer Suche k\u00f6nnen Sie die richtige Entscheidung treffen, indem Sie die Risiken minimieren.<\/p>\t\t\t\t\t\t\t\t<\/div>\n\t\t\t\t<\/div>\n\t\t<div class=\"elementor-element elementor-element-330a2ee e-con-full e-flex e-con e-child\" data-id=\"330a2ee\" data-element_type=\"container\" data-settings=\"{&quot;jet_parallax_layout_list&quot;:[]}\">\n\t\t\t\t<div class=\"elementor-element elementor-element-3681630 elementor-widget elementor-widget-image\" data-id=\"3681630\" data-element_type=\"widget\" data-widget_type=\"image.default\">\n\t\t\t\t\t\t\t\t\t\t\t\t\t\t\t<img fetchpriority=\"high\" decoding=\"async\" width=\"765\" height=\"535\" src=\"https:\/\/otomobilsatisi.com\/wp-content\/uploads\/2025\/09\/1-1.png\" class=\"attachment-large size-large wp-image-646\" alt=\"\" srcset=\"https:\/\/otomobilsatisi.com\/wp-content\/uploads\/2025\/09\/1-1.png 765w, https:\/\/otomobilsatisi.com\/wp-content\/uploads\/2025\/09\/1-1-300x210.png 300w, https:\/\/otomobilsatisi.com\/wp-content\/uploads\/2025\/09\/1-1-18x12.png 18w\" sizes=\"(max-width: 765px) 100vw, 765px\" \/>\t\t\t\t\t\t\t\t\t\t\t\t\t\t\t<\/div>\n\t\t\t\t<\/div>\n\t\t\t\t\t<\/div>\n\t\t\t\t<\/div>\n\t\t<div class=\"elementor-element elementor-element-bd77be3 e-flex e-con-boxed elementor-invisible e-con e-parent\" data-id=\"bd77be3\" data-element_type=\"container\" data-settings=\"{&quot;background_background&quot;:&quot;classic&quot;,&quot;jet_parallax_layout_list&quot;:[],&quot;animation&quot;:&quot;fadeInUp&quot;}\">\n\t\t\t\t\t<div class=\"e-con-inner\">\n\t\t<div class=\"elementor-element elementor-element-76513e5 e-con-full e-flex e-con e-child\" data-id=\"76513e5\" data-element_type=\"container\" data-settings=\"{&quot;jet_parallax_layout_list&quot;:[]}\">\n\t\t\t\t<div class=\"elementor-element elementor-element-3c9f1de elementor-widget elementor-widget-heading\" data-id=\"3c9f1de\" data-element_type=\"widget\" data-widget_type=\"heading.default\">\n\t\t\t\t\t<h2 class=\"elementor-heading-title elementor-size-default\">Unsere Mission<\/h2>\t\t\t\t<\/div>\n\t\t\t\t<div class=\"elementor-element elementor-element-19262aa elementor-widget elementor-widget-text-editor\" data-id=\"19262aa\" data-element_type=\"widget\" data-widget_type=\"text-editor.default\">\n\t\t\t\t\t\t\t\t\t<p data-start=\"162\" data-end=\"858\">F\u00fcr Fahrzeuge mit schweren Sch\u00e4den oder Unf\u00e4llen, die als Unfallwagen registriert sind <strong data-start=\"209\" data-end=\"231\">transparente Schadenserfassung<\/strong>, <strong data-start=\"233\" data-end=\"260\">Aktueller Expertenbericht<\/strong> Und <strong data-start=\"264\" data-end=\"286\">faire Preise<\/strong> F\u00fcr uns ist es unerl\u00e4sslich, mit unserem Portfolio ein zuverl\u00e4ssiges Handelserlebnis zu bieten. <strong data-start=\"366\" data-end=\"385\">Versicherungsausschreibung<\/strong>, <strong data-start=\"387\" data-end=\"404\">Motor defekt<\/strong> Wir w\u00e4hlen reparierte Fahrzeuge sorgf\u00e4ltig aus und achten auf Einheitlichkeit in unseren Anzeigen und Gutachten. Wir bieten unseren Kunden die beste Auswahl. <strong data-start=\"512\" data-end=\"529\">notarielle \u00dcbertragung<\/strong>, ohne zu bezahlen <strong data-start=\"540\" data-end=\"574\">Lieferung\/Abschleppen in der gesamten T\u00fcrkei<\/strong> Wir bieten umfassende Unterst\u00fctzung von Anfang bis Ende, von Organisation zu Organisation, und entwickeln Prozesse, die Risiken minimieren. Unser Ziel ist: <strong data-start=\"676\" data-end=\"699\">Pert Fahrzeugpreise<\/strong>, <strong data-start=\"701\" data-end=\"733\">An- und Verkauf von stark besch\u00e4digten Fahrzeugen<\/strong> Und <strong data-start=\"737\" data-end=\"752\">verungl\u00fccktes Fahrzeug<\/strong> Unser Ziel ist es, bei der Fahrzeugsuche eine zuverl\u00e4ssige Marke zu sein und schnell zugelassene Fahrzeuge f\u00fcr jedes Budget bereitzustellen.<\/p>\t\t\t\t\t\t\t\t<\/div>\n\t\t\t\t<\/div>\n\t\t<div class=\"elementor-element elementor-element-55dc914 e-con-full e-flex e-con e-child\" data-id=\"55dc914\" data-element_type=\"container\" data-settings=\"{&quot;jet_parallax_layout_list&quot;:[]}\">\n\t\t\t\t<div class=\"elementor-element elementor-element-fd6db5a elementor-widget elementor-widget-heading\" data-id=\"fd6db5a\" data-element_type=\"widget\" data-widget_type=\"heading.default\">\n\t\t\t\t\t<h2 class=\"elementor-heading-title elementor-size-default\">Unsere Vision<\/h2>\t\t\t\t<\/div>\n\t\t\t\t<div class=\"elementor-element elementor-element-7c168ba elementor-widget elementor-widget-text-editor\" data-id=\"7c168ba\" data-element_type=\"widget\" data-widget_type=\"text-editor.default\">\n\t\t\t\t\t\t\t\t\t<p data-start=\"873\" data-end=\"1546\">Pert, stark besch\u00e4digt und <strong data-start=\"895\" data-end=\"922\">Versicherungstenderfahrzeuge<\/strong> Wir wollen die f\u00fchrende Plattform auf dem Markt sein, die h\u00f6here ethische Standards setzt, datengetrieben arbeitet und dem Kundenerlebnis Priorit\u00e4t einr\u00e4umt. <strong data-start=\"1038\" data-end=\"1076\">Fachkompetenz, Reparaturplan und Kosten<\/strong> Durch die Schaffung vergleichbarer Benchmarks im Sektor mit Transparenz beschleunigen wir die Werbe- und Bewertungsprozesse mithilfe unserer technologischen Infrastruktur. Das Ziel ist: <strong data-start=\"1216\" data-end=\"1242\">Unfallfahrzeug An- und Verkauf<\/strong>, <strong data-start=\"1244\" data-end=\"1266\">Pert Fahrzeuganzeigen<\/strong> Und <strong data-start=\"1270\" data-end=\"1295\">Fahrzeuge aus Perth<\/strong> Die erste Wahl der Nutzer f\u00fcr Schl\u00fcsselw\u00f6rter wie innovative Inhalte, sichere Zahlung und <strong data-start=\"1390\" data-end=\"1408\">Notar\/Logistik<\/strong> Unser Ziel ist es, ein nachhaltiges und f\u00fcr alle zug\u00e4ngliches \u00d6kosystem zu schaffen, das den Arbeitsaufwand reduziert und Kaufentscheidungen durch Integration erleichtert.<\/p>\t\t\t\t\t\t\t\t<\/div>\n\t\t\t\t<\/div>\n\t\t<div class=\"elementor-element elementor-element-362a752 e-con-full e-flex e-con e-child\" data-id=\"362a752\" data-element_type=\"container\" data-settings=\"{&quot;jet_parallax_layout_list&quot;:[]}\">\n\t\t\t\t<div class=\"elementor-element elementor-element-53a4b91 elementor-widget elementor-widget-heading\" data-id=\"53a4b91\" data-element_type=\"widget\" data-widget_type=\"heading.default\">\n\t\t\t\t\t<h2 class=\"elementor-heading-title elementor-size-default\">Unsere Werte<\/h2>\t\t\t\t<\/div>\n\t\t\t\t<div class=\"elementor-element elementor-element-1e641ef elementor-widget elementor-widget-text-editor\" data-id=\"1e641ef\" data-element_type=\"widget\" data-widget_type=\"text-editor.default\">\n\t\t\t\t\t\t\t\t\t<p><strong data-start=\"1563\" data-end=\"1600\">Transparenz, Vertrauen, Schnelligkeit und Expertise<\/strong> Unsere Arbeitskultur basiert auf: <strong data-start=\"1636\" data-end=\"1651\">fachbericht<\/strong>Es erm\u00f6glicht uns, Informationen \u00fcber besch\u00e4digte Gegenst\u00e4nde und ausgetauschte Teile \u00fcbersichtlich darzustellen. Es gew\u00e4hrleistet die Konsistenz von Anzeige und Gutachten; <strong data-start=\"1768\" data-end=\"1782\">fairer Preis<\/strong> Und <strong data-start=\"1786\" data-end=\"1809\">Kundenzufriedenheit<\/strong> Wir gehen konzentriert vor. Bei jeder Transaktion. <strong data-start=\"1840\" data-end=\"1859\">Rechtm\u00e4\u00dfigkeit<\/strong>Eine ordnungsgem\u00e4\u00dfe Dokumentation und Vertraulichkeit sind unerl\u00e4sslich. <strong data-start=\"1903\" data-end=\"1918\">Projektfahrzeug<\/strong> Wir stellen realistische Kosten inklusive Reparaturpl\u00e4nen und Vorschl\u00e4gen zur Teileversorgung f\u00fcr diejenigen zur Verf\u00fcgung, die nach einer L\u00f6sung suchen. <strong data-start=\"2025\" data-end=\"2040\" data-is-only-node=\"\">notarielle \u00dcbertragung<\/strong> Und <strong data-start=\"2044\" data-end=\"2071\">Lieferung in der gesamten T\u00fcrkei<\/strong> durch die Bereitstellung von umfassender Unterst\u00fctzung bei jedem Schritt des Weges <strong data-start=\"2114\" data-end=\"2127\">zerst\u00f6rtes Fahrzeug<\/strong>, <strong data-start=\"2129\" data-end=\"2150\">schwer besch\u00e4digtes Fahrzeug<\/strong> Und <strong data-start=\"2154\" data-end=\"2169\">verungl\u00fccktes Fahrzeug<\/strong> Wir managen Prozesse sicher.<\/p>\t\t\t\t\t\t\t\t<\/div>\n\t\t\t\t<\/div>\n\t\t\t\t\t<\/div>\n\t\t\t\t<\/div>\n\t\t\t\t<\/div>","protected":false},"excerpt":{"rendered":"<p>\u00dcber uns: Wir bieten zuverl\u00e4ssige, transparente und schnelle L\u00f6sungen f\u00fcr den Kauf und Verkauf von Unfall-, Schwer- und Totalschadenfahrzeugen. Unser Portfolio umfasst Pkw und Nutzfahrzeuge mit Unfallberichten, aus Versicherungsauktionen, mit Motorsch\u00e4den und Reparaturen. Unser Ziel ist es, Ihnen schnellstm\u00f6glich ein Fahrzeug zu vermitteln, das zu Ihrem Budget passt \u2013 mit pr\u00e4zisen Informationen, Expertengutachten und transparenter Preisgestaltung. Seit Jahren sind wir in diesem Sektor t\u00e4tig und verf\u00fcgen \u00fcber transparente Schadensdokumentation. [\u2026]<\/p>","protected":false},"author":1,"featured_media":634,"parent":0,"menu_order":0,"comment_status":"closed","ping_status":"closed","template":"elementor_header_footer","meta":{"_acf_changed":false,"footnotes":""},"class_list":["post-431","page","type-page","status-publish","has-post-thumbnail","hentry"],"acf":[],"yoast_head":"<!-- This site is optimized with the Yoast SEO plugin v25.6 - https:\/\/yoast.com\/wordpress\/plugins\/seo\/ -->\n<title>Pert, A\u011f\u0131r Hasarl\u0131 ve Kazal\u0131 Ara\u00e7 Al\u0131m Sat\u0131m<\/title>\n<meta name=\"description\" content=\"Pert, a\u011f\u0131r hasarl\u0131, kazal\u0131 ve sa\u011flam ara\u00e7 al\u0131m sat\u0131m\u0131. Uzman ekspertiz, \u015feffaf fiyat ve g\u00fcvenli sat\u0131\u015f garantisiyle arac\u0131n\u0131z\u0131 h\u0131zl\u0131ca sat\u0131n veya sat\u0131n!\" \/>\n<meta name=\"robots\" content=\"index, follow, max-snippet:-1, max-image-preview:large, max-video-preview:-1\" \/>\n<link rel=\"canonical\" href=\"https:\/\/otomobilsatisi.com\/de\/hakkimizda\/\" \/>\n<meta property=\"og:locale\" content=\"de_DE\" \/>\n<meta property=\"og:type\" content=\"article\" \/>\n<meta property=\"og:title\" content=\"Pert, A\u011f\u0131r Hasarl\u0131 ve Kazal\u0131 Ara\u00e7 Al\u0131m Sat\u0131m\" \/>\n<meta property=\"og:description\" content=\"Pert, a\u011f\u0131r hasarl\u0131, kazal\u0131 ve sa\u011flam ara\u00e7 al\u0131m sat\u0131m\u0131. Uzman ekspertiz, \u015feffaf fiyat ve g\u00fcvenli sat\u0131\u015f garantisiyle arac\u0131n\u0131z\u0131 h\u0131zl\u0131ca sat\u0131n veya sat\u0131n!\" \/>\n<meta property=\"og:url\" content=\"https:\/\/otomobilsatisi.com\/de\/hakkimizda\/\" \/>\n<meta property=\"og:site_name\" content=\"Pert &amp; Hasarl\u0131 Ara\u00e7 Al\u0131m Sat\u0131m Platformu\" \/>\n<meta property=\"article:modified_time\" content=\"2025-09-09T19:01:09+00:00\" \/>\n<meta property=\"og:image\" content=\"https:\/\/otomobilsatisi.com\/wp-content\/uploads\/2025\/09\/cropped-Hasarli-Arac-Alim-Satim-favicon.png\" \/>\n\t<meta property=\"og:image:width\" content=\"512\" \/>\n\t<meta property=\"og:image:height\" content=\"512\" \/>\n\t<meta property=\"og:image:type\" content=\"image\/png\" \/>\n<meta name=\"twitter:card\" content=\"summary_large_image\" \/>\n<meta name=\"twitter:label1\" content=\"Gesch\u00e4tzte Lesezeit\" \/>\n\t<meta name=\"twitter:data1\" content=\"3\u00a0Minuten\" \/>\n<script type=\"application\/ld+json\" class=\"yoast-schema-graph\">{\"@context\":\"https:\/\/schema.org\",\"@graph\":[{\"@type\":\"WebPage\",\"@id\":\"https:\/\/otomobilsatisi.com\/hakkimizda\/\",\"url\":\"https:\/\/otomobilsatisi.com\/hakkimizda\/\",\"name\":\"Pert, A\u011f\u0131r Hasarl\u0131 ve Kazal\u0131 Ara\u00e7 Al\u0131m Sat\u0131m\",\"isPartOf\":{\"@id\":\"https:\/\/otomobilsatisi.com\/#website\"},\"primaryImageOfPage\":{\"@id\":\"https:\/\/otomobilsatisi.com\/hakkimizda\/#primaryimage\"},\"image\":{\"@id\":\"https:\/\/otomobilsatisi.com\/hakkimizda\/#primaryimage\"},\"thumbnailUrl\":\"https:\/\/otomobilsatisi.com\/wp-content\/uploads\/2025\/09\/cropped-Hasarli-Arac-Alim-Satim-favicon.png\",\"datePublished\":\"2025-08-09T22:56:04+00:00\",\"dateModified\":\"2025-09-09T19:01:09+00:00\",\"description\":\"Pert, a\u011f\u0131r hasarl\u0131, kazal\u0131 ve sa\u011flam ara\u00e7 al\u0131m sat\u0131m\u0131. Uzman ekspertiz, \u015feffaf fiyat ve g\u00fcvenli sat\u0131\u015f garantisiyle arac\u0131n\u0131z\u0131 h\u0131zl\u0131ca sat\u0131n veya sat\u0131n!\",\"breadcrumb\":{\"@id\":\"https:\/\/otomobilsatisi.com\/hakkimizda\/#breadcrumb\"},\"inLanguage\":\"de\",\"potentialAction\":[{\"@type\":\"ReadAction\",\"target\":[\"https:\/\/otomobilsatisi.com\/hakkimizda\/\"]}]},{\"@type\":\"ImageObject\",\"inLanguage\":\"de\",\"@id\":\"https:\/\/otomobilsatisi.com\/hakkimizda\/#primaryimage\",\"url\":\"https:\/\/otomobilsatisi.com\/wp-content\/uploads\/2025\/09\/cropped-Hasarli-Arac-Alim-Satim-favicon.png\",\"contentUrl\":\"https:\/\/otomobilsatisi.com\/wp-content\/uploads\/2025\/09\/cropped-Hasarli-Arac-Alim-Satim-favicon.png\",\"width\":512,\"height\":512},{\"@type\":\"BreadcrumbList\",\"@id\":\"https:\/\/otomobilsatisi.com\/hakkimizda\/#breadcrumb\",\"itemListElement\":[{\"@type\":\"ListItem\",\"position\":1,\"name\":\"Anasayfa\",\"item\":\"https:\/\/otomobilsatisi.com\/\"},{\"@type\":\"ListItem\",\"position\":2,\"name\":\"Hakk\u0131m\u0131zda\"}]},{\"@type\":\"WebSite\",\"@id\":\"https:\/\/otomobilsatisi.com\/#website\",\"url\":\"https:\/\/otomobilsatisi.com\/\",\"name\":\"Pert &amp; Hasarl\u0131 Ara\u00e7 Al\u0131m Sat\u0131m Platformu\",\"description\":\"A\u011f\u0131r hasarl\u0131 ara\u00e7 al\u0131m sat\u0131m\u0131nda uzman ekip.\",\"potentialAction\":[{\"@type\":\"SearchAction\",\"target\":{\"@type\":\"EntryPoint\",\"urlTemplate\":\"https:\/\/otomobilsatisi.com\/?s={search_term_string}\"},\"query-input\":{\"@type\":\"PropertyValueSpecification\",\"valueRequired\":true,\"valueName\":\"search_term_string\"}}],\"inLanguage\":\"de\"}]}<\/script>\n<!-- \/ Yoast SEO plugin. -->","yoast_head_json":{"title":"Pert, A\u011f\u0131r Hasarl\u0131 ve Kazal\u0131 Ara\u00e7 Al\u0131m Sat\u0131m","description":"Pert, a\u011f\u0131r hasarl\u0131, kazal\u0131 ve sa\u011flam ara\u00e7 al\u0131m sat\u0131m\u0131. Uzman ekspertiz, \u015feffaf fiyat ve g\u00fcvenli sat\u0131\u015f garantisiyle arac\u0131n\u0131z\u0131 h\u0131zl\u0131ca sat\u0131n veya sat\u0131n!","robots":{"index":"index","follow":"follow","max-snippet":"max-snippet:-1","max-image-preview":"max-image-preview:large","max-video-preview":"max-video-preview:-1"},"canonical":"https:\/\/otomobilsatisi.com\/de\/hakkimizda\/","og_locale":"de_DE","og_type":"article","og_title":"Pert, A\u011f\u0131r Hasarl\u0131 ve Kazal\u0131 Ara\u00e7 Al\u0131m Sat\u0131m","og_description":"Pert, a\u011f\u0131r hasarl\u0131, kazal\u0131 ve sa\u011flam ara\u00e7 al\u0131m sat\u0131m\u0131. Uzman ekspertiz, \u015feffaf fiyat ve g\u00fcvenli sat\u0131\u015f garantisiyle arac\u0131n\u0131z\u0131 h\u0131zl\u0131ca sat\u0131n veya sat\u0131n!","og_url":"https:\/\/otomobilsatisi.com\/de\/hakkimizda\/","og_site_name":"Pert &amp; Hasarl\u0131 Ara\u00e7 Al\u0131m Sat\u0131m Platformu","article_modified_time":"2025-09-09T19:01:09+00:00","og_image":[{"width":512,"height":512,"url":"https:\/\/otomobilsatisi.com\/wp-content\/uploads\/2025\/09\/cropped-Hasarli-Arac-Alim-Satim-favicon.png","type":"image\/png"}],"twitter_card":"summary_large_image","twitter_misc":{"Gesch\u00e4tzte Lesezeit":"3\u00a0Minuten"},"schema":{"@context":"https:\/\/schema.org","@graph":[{"@type":"WebPage","@id":"https:\/\/otomobilsatisi.com\/hakkimizda\/","url":"https:\/\/otomobilsatisi.com\/hakkimizda\/","name":"Pert, A\u011f\u0131r Hasarl\u0131 ve Kazal\u0131 Ara\u00e7 Al\u0131m Sat\u0131m","isPartOf":{"@id":"https:\/\/otomobilsatisi.com\/#website"},"primaryImageOfPage":{"@id":"https:\/\/otomobilsatisi.com\/hakkimizda\/#primaryimage"},"image":{"@id":"https:\/\/otomobilsatisi.com\/hakkimizda\/#primaryimage"},"thumbnailUrl":"https:\/\/otomobilsatisi.com\/wp-content\/uploads\/2025\/09\/cropped-Hasarli-Arac-Alim-Satim-favicon.png","datePublished":"2025-08-09T22:56:04+00:00","dateModified":"2025-09-09T19:01:09+00:00","description":"Pert, a\u011f\u0131r hasarl\u0131, kazal\u0131 ve sa\u011flam ara\u00e7 al\u0131m sat\u0131m\u0131. Uzman ekspertiz, \u015feffaf fiyat ve g\u00fcvenli sat\u0131\u015f garantisiyle arac\u0131n\u0131z\u0131 h\u0131zl\u0131ca sat\u0131n veya sat\u0131n!","breadcrumb":{"@id":"https:\/\/otomobilsatisi.com\/hakkimizda\/#breadcrumb"},"inLanguage":"de","potentialAction":[{"@type":"ReadAction","target":["https:\/\/otomobilsatisi.com\/hakkimizda\/"]}]},{"@type":"ImageObject","inLanguage":"de","@id":"https:\/\/otomobilsatisi.com\/hakkimizda\/#primaryimage","url":"https:\/\/otomobilsatisi.com\/wp-content\/uploads\/2025\/09\/cropped-Hasarli-Arac-Alim-Satim-favicon.png","contentUrl":"https:\/\/otomobilsatisi.com\/wp-content\/uploads\/2025\/09\/cropped-Hasarli-Arac-Alim-Satim-favicon.png","width":512,"height":512},{"@type":"BreadcrumbList","@id":"https:\/\/otomobilsatisi.com\/hakkimizda\/#breadcrumb","itemListElement":[{"@type":"ListItem","position":1,"name":"Anasayfa","item":"https:\/\/otomobilsatisi.com\/"},{"@type":"ListItem","position":2,"name":"Hakk\u0131m\u0131zda"}]},{"@type":"WebSite","@id":"https:\/\/otomobilsatisi.com\/#website","url":"https:\/\/otomobilsatisi.com\/","name":"Pert &amp; Hasarl\u0131 Ara\u00e7 Al\u0131m Sat\u0131m Platformu","description":"A\u011f\u0131r hasarl\u0131 ara\u00e7 al\u0131m sat\u0131m\u0131nda uzman ekip.","potentialAction":[{"@type":"SearchAction","target":{"@type":"EntryPoint","urlTemplate":"https:\/\/otomobilsatisi.com\/?s={search_term_string}"},"query-input":{"@type":"PropertyValueSpecification","valueRequired":true,"valueName":"search_term_string"}}],"inLanguage":"de"}]}},"_links":{"self":[{"href":"https:\/\/otomobilsatisi.com\/de\/wp-json\/wp\/v2\/pages\/431","targetHints":{"allow":["GET"]}}],"collection":[{"href":"https:\/\/otomobilsatisi.com\/de\/wp-json\/wp\/v2\/pages"}],"about":[{"href":"https:\/\/otomobilsatisi.com\/de\/wp-json\/wp\/v2\/types\/page"}],"author":[{"embeddable":true,"href":"https:\/\/otomobilsatisi.com\/de\/wp-json\/wp\/v2\/users\/1"}],"replies":[{"embeddable":true,"href":"https:\/\/otomobilsatisi.com\/de\/wp-json\/wp\/v2\/comments?post=431"}],"version-history":[{"count":11,"href":"https:\/\/otomobilsatisi.com\/de\/wp-json\/wp\/v2\/pages\/431\/revisions"}],"predecessor-version":[{"id":884,"href":"https:\/\/otomobilsatisi.com\/de\/wp-json\/wp\/v2\/pages\/431\/revisions\/884"}],"wp:featuredmedia":[{"embeddable":true,"href":"https:\/\/otomobilsatisi.com\/de\/wp-json\/wp\/v2\/media\/634"}],"wp:attachment":[{"href":"https:\/\/otomobilsatisi.com\/de\/wp-json\/wp\/v2\/media?parent=431"}],"curies":[{"name":"wp","href":"https:\/\/api.w.org\/{rel}","templated":true}]}}