{"id":435,"date":"2025-08-10T01:59:43","date_gmt":"2025-08-09T22:59:43","guid":{"rendered":"https:\/\/otomobilsatisi.com\/?page_id=435"},"modified":"2025-09-09T22:00:55","modified_gmt":"2025-09-09T19:00:55","slug":"gizlilik-ilkesi","status":"publish","type":"page","link":"https:\/\/otomobilsatisi.com\/de\/gizlilik-ilkesi\/","title":{"rendered":"Datenschutzrichtlinie"},"content":{"rendered":"<div data-elementor-type=\"wp-page\" data-elementor-id=\"435\" class=\"elementor elementor-435\">\n\t\t\t\t<div class=\"elementor-element elementor-element-7a4f1bc e-flex e-con-boxed elementor-invisible e-con e-parent\" data-id=\"7a4f1bc\" data-element_type=\"container\" data-settings=\"{&quot;jet_parallax_layout_list&quot;:[],&quot;animation&quot;:&quot;fadeInUp&quot;}\">\n\t\t\t\t\t<div class=\"e-con-inner\">\n\t\t\t\t<div class=\"elementor-element elementor-element-be022e4 elementor-widget elementor-widget-heading\" data-id=\"be022e4\" data-element_type=\"widget\" data-widget_type=\"heading.default\">\n\t\t\t\t\t<h2 class=\"elementor-heading-title elementor-size-default\">Datenschutzrichtlinie<\/h2>\t\t\t\t<\/div>\n\t\t\t\t<div class=\"elementor-element elementor-element-eeca750 elementor-widget elementor-widget-text-editor\" data-id=\"eeca750\" data-element_type=\"widget\" data-widget_type=\"text-editor.default\">\n\t\t\t\t\t\t\t\t\t<p>Diese Datenschutzerkl\u00e4rung erl\u00e4utert, wie wir die personenbezogenen Daten unserer Website-Besucher erfassen, verwenden, speichern und sch\u00fctzen. Durch die Nutzung unserer Website erkl\u00e4ren Sie sich mit den in dieser Erkl\u00e4rung festgelegten Bedingungen einverstanden.<\/p><p><strong>1. Gesammelte Informationen<\/strong><br \/>\u00dcber unsere Website k\u00f6nnen folgende Arten von Informationen erfasst werden:<\/p><p>Pers\u00f6nliche Daten wie Name, Nachname, E-Mail-Adresse, Telefonnummer (wenn Sie ein Formular ausf\u00fcllen oder sich registrieren)<\/p><p>Technische Daten wie IP-Adresse, Browsertyp, Betriebssysteminformationen, Datum und Uhrzeit des Besuchs<\/p><p>Nutzungsdaten, die mithilfe von Cookies und \u00e4hnlichen Technologien erfasst werden<\/p><p><strong>2. Zweck der Informationsnutzung<\/strong><br \/>Die erhobenen Daten k\u00f6nnen f\u00fcr folgende Zwecke verwendet werden:<\/p><p>Um unsere Dienstleistungen bereitzustellen, zu verbessern und zu personalisieren<\/p><p>Wir beantworten Ihre Anfragen und Fragen<\/p><p>Verbesserung der Benutzererfahrung<\/p><p>Um unseren rechtlichen Verpflichtungen nachzukommen<\/p><p>Zur Durchf\u00fchrung von Marketing- und Informationsaktivit\u00e4ten (mit Ihrer Zustimmung)<\/p><p><strong>3. Cookies<\/strong><br \/>Unsere Website verwendet Cookies, um Ihr Nutzererlebnis zu verbessern. Sie k\u00f6nnen Cookies in Ihren Browsereinstellungen deaktivieren oder Warnungen erhalten. Die Deaktivierung von Cookies kann jedoch dazu f\u00fchren, dass einige Funktionen der Website nicht mehr ordnungsgem\u00e4\u00df funktionieren.<\/p><p><strong>4. Informationsaustausch<\/strong><br \/>Ihre pers\u00f6nlichen Daten;<\/p><p>Rechtliche Verpflichtungen<\/p><p>Anfragen von Justizbeh\u00f6rden<\/p><p>Vertrauensw\u00fcrdige Drittanbieter arbeiten mit uns zusammen, um Dienstleistungen (Hosting, Zahlungsabwicklung, Logistik usw.) zu erbringen.<br \/>Es wird nicht an Dritte weitergegeben, au\u00dfer an Dritte.<\/p><p><strong>5. Datensicherheit<\/strong><br \/>Es werden branchen\u00fcbliche technische und administrative Ma\u00dfnahmen ergriffen, um die Sicherheit Ihrer personenbezogenen Daten zu gew\u00e4hrleisten. Allerdings kann die vollst\u00e4ndige Sicherheit der Daten\u00fcbertragung \u00fcber das Internet nicht garantiert werden.<\/p><p><strong>6. Links zu Drittanbietern<\/strong><br \/>Unsere Website kann Links zu Websites Dritter enthalten. Wir sind nicht f\u00fcr die Datenschutzpraktiken dieser Websites verantwortlich.<\/p><p><strong>7. Ihre Rechte<\/strong><br \/>Bez\u00fcglich Ihrer pers\u00f6nlichen Daten;<\/p><p>Zugriff anfordern<\/p><p>Korrekturantrag<\/p><p>L\u00f6schung beantragen<\/p><p>Einschr\u00e4nkung der Verarbeitung<\/p><p>Anfrage zur Datenportabilit\u00e4t<br \/>Sie haben diese Rechte. Sie k\u00f6nnen uns kontaktieren, um diese Rechte auszu\u00fcben.<\/p><p><strong>8. Politische \u00c4nderungen<\/strong><br \/>Diese Datenschutzrichtlinie kann von Zeit zu Zeit aktualisiert werden. \u00c4nderungen treten mit dem Datum ihrer Ver\u00f6ffentlichung auf unserer Website in Kraft.<\/p>\t\t\t\t\t\t\t\t<\/div>\n\t\t\t\t\t<\/div>\n\t\t\t\t<\/div>\n\t\t\t\t<\/div>","protected":false},"excerpt":{"rendered":"<p>Gizlilik \u0130lkesi Bu Gizlilik Politikas\u0131, web sitemizi ziyaret eden kullan\u0131c\u0131lar\u0131n ki\u015fisel verilerinin toplanmas\u0131, kullan\u0131lmas\u0131, saklanmas\u0131 ve korunmas\u0131na ili\u015fkin esaslar\u0131 a\u00e7\u0131klar. Sitemizi kullanarak, bu politikada belirtilen \u015fartlar\u0131 kabul etmi\u015f olursunuz. 1. Toplanan Bilgiler Web sitemiz arac\u0131l\u0131\u011f\u0131yla a\u015fa\u011f\u0131daki t\u00fcrde bilgiler toplanabilir: Ad, soyad, e-posta adresi, telefon numaras\u0131 gibi ki\u015fisel bilgiler (form doldurdu\u011funuzda veya kay\u0131t oldu\u011funuzda) IP adresi, [&hellip;]<\/p>","protected":false},"author":1,"featured_media":634,"parent":0,"menu_order":0,"comment_status":"closed","ping_status":"closed","template":"elementor_header_footer","meta":{"_acf_changed":false,"footnotes":""},"class_list":["post-435","page","type-page","status-publish","has-post-thumbnail","hentry"],"acf":[],"yoast_head":"<!-- This site is optimized with the Yoast SEO plugin v25.6 - https:\/\/yoast.com\/wordpress\/plugins\/seo\/ -->\n<title>Pert, A\u011f\u0131r Hasarl\u0131 ve Kazal\u0131 Ara\u00e7 Al\u0131m Sat\u0131m<\/title>\n<meta name=\"description\" content=\"Pert, a\u011f\u0131r hasarl\u0131, kazal\u0131 ve sa\u011flam ara\u00e7 al\u0131m sat\u0131m\u0131. Uzman ekspertiz, \u015feffaf fiyat ve g\u00fcvenli sat\u0131\u015f garantisiyle arac\u0131n\u0131z\u0131 h\u0131zl\u0131ca sat\u0131n veya sat\u0131n!\" \/>\n<meta name=\"robots\" content=\"index, follow, max-snippet:-1, max-image-preview:large, max-video-preview:-1\" \/>\n<link rel=\"canonical\" href=\"https:\/\/otomobilsatisi.com\/de\/gizlilik-ilkesi\/\" \/>\n<meta property=\"og:locale\" content=\"de_DE\" \/>\n<meta property=\"og:type\" content=\"article\" \/>\n<meta property=\"og:title\" content=\"Pert, A\u011f\u0131r Hasarl\u0131 ve Kazal\u0131 Ara\u00e7 Al\u0131m Sat\u0131m\" \/>\n<meta property=\"og:description\" content=\"Pert, a\u011f\u0131r hasarl\u0131, kazal\u0131 ve sa\u011flam ara\u00e7 al\u0131m sat\u0131m\u0131. Uzman ekspertiz, \u015feffaf fiyat ve g\u00fcvenli sat\u0131\u015f garantisiyle arac\u0131n\u0131z\u0131 h\u0131zl\u0131ca sat\u0131n veya sat\u0131n!\" \/>\n<meta property=\"og:url\" content=\"https:\/\/otomobilsatisi.com\/de\/gizlilik-ilkesi\/\" \/>\n<meta property=\"og:site_name\" content=\"Pert &amp; Hasarl\u0131 Ara\u00e7 Al\u0131m Sat\u0131m Platformu\" \/>\n<meta property=\"article:modified_time\" content=\"2025-09-09T19:00:55+00:00\" \/>\n<meta property=\"og:image\" content=\"https:\/\/otomobilsatisi.com\/wp-content\/uploads\/2025\/09\/cropped-Hasarli-Arac-Alim-Satim-favicon.png\" \/>\n\t<meta property=\"og:image:width\" content=\"512\" \/>\n\t<meta property=\"og:image:height\" content=\"512\" \/>\n\t<meta property=\"og:image:type\" content=\"image\/png\" \/>\n<meta name=\"twitter:card\" content=\"summary_large_image\" \/>\n<meta name=\"twitter:label1\" content=\"Gesch\u00e4tzte Lesezeit\" \/>\n\t<meta name=\"twitter:data1\" content=\"2\u00a0Minuten\" \/>\n<script type=\"application\/ld+json\" class=\"yoast-schema-graph\">{\"@context\":\"https:\/\/schema.org\",\"@graph\":[{\"@type\":\"WebPage\",\"@id\":\"https:\/\/otomobilsatisi.com\/gizlilik-ilkesi\/\",\"url\":\"https:\/\/otomobilsatisi.com\/gizlilik-ilkesi\/\",\"name\":\"Pert, A\u011f\u0131r Hasarl\u0131 ve Kazal\u0131 Ara\u00e7 Al\u0131m Sat\u0131m\",\"isPartOf\":{\"@id\":\"https:\/\/otomobilsatisi.com\/#website\"},\"primaryImageOfPage\":{\"@id\":\"https:\/\/otomobilsatisi.com\/gizlilik-ilkesi\/#primaryimage\"},\"image\":{\"@id\":\"https:\/\/otomobilsatisi.com\/gizlilik-ilkesi\/#primaryimage\"},\"thumbnailUrl\":\"https:\/\/otomobilsatisi.com\/wp-content\/uploads\/2025\/09\/cropped-Hasarli-Arac-Alim-Satim-favicon.png\",\"datePublished\":\"2025-08-09T22:59:43+00:00\",\"dateModified\":\"2025-09-09T19:00:55+00:00\",\"description\":\"Pert, a\u011f\u0131r hasarl\u0131, kazal\u0131 ve sa\u011flam ara\u00e7 al\u0131m sat\u0131m\u0131. Uzman ekspertiz, \u015feffaf fiyat ve g\u00fcvenli sat\u0131\u015f garantisiyle arac\u0131n\u0131z\u0131 h\u0131zl\u0131ca sat\u0131n veya sat\u0131n!\",\"breadcrumb\":{\"@id\":\"https:\/\/otomobilsatisi.com\/gizlilik-ilkesi\/#breadcrumb\"},\"inLanguage\":\"de\",\"potentialAction\":[{\"@type\":\"ReadAction\",\"target\":[\"https:\/\/otomobilsatisi.com\/gizlilik-ilkesi\/\"]}]},{\"@type\":\"ImageObject\",\"inLanguage\":\"de\",\"@id\":\"https:\/\/otomobilsatisi.com\/gizlilik-ilkesi\/#primaryimage\",\"url\":\"https:\/\/otomobilsatisi.com\/wp-content\/uploads\/2025\/09\/cropped-Hasarli-Arac-Alim-Satim-favicon.png\",\"contentUrl\":\"https:\/\/otomobilsatisi.com\/wp-content\/uploads\/2025\/09\/cropped-Hasarli-Arac-Alim-Satim-favicon.png\",\"width\":512,\"height\":512},{\"@type\":\"BreadcrumbList\",\"@id\":\"https:\/\/otomobilsatisi.com\/gizlilik-ilkesi\/#breadcrumb\",\"itemListElement\":[{\"@type\":\"ListItem\",\"position\":1,\"name\":\"Anasayfa\",\"item\":\"https:\/\/otomobilsatisi.com\/\"},{\"@type\":\"ListItem\",\"position\":2,\"name\":\"Gizlilik \u0130lkesi\"}]},{\"@type\":\"WebSite\",\"@id\":\"https:\/\/otomobilsatisi.com\/#website\",\"url\":\"https:\/\/otomobilsatisi.com\/\",\"name\":\"Pert &amp; Hasarl\u0131 Ara\u00e7 Al\u0131m Sat\u0131m Platformu\",\"description\":\"A\u011f\u0131r hasarl\u0131 ara\u00e7 al\u0131m sat\u0131m\u0131nda uzman ekip.\",\"potentialAction\":[{\"@type\":\"SearchAction\",\"target\":{\"@type\":\"EntryPoint\",\"urlTemplate\":\"https:\/\/otomobilsatisi.com\/?s={search_term_string}\"},\"query-input\":{\"@type\":\"PropertyValueSpecification\",\"valueRequired\":true,\"valueName\":\"search_term_string\"}}],\"inLanguage\":\"de\"}]}<\/script>\n<!-- \/ Yoast SEO plugin. -->","yoast_head_json":{"title":"Pert, A\u011f\u0131r Hasarl\u0131 ve Kazal\u0131 Ara\u00e7 Al\u0131m Sat\u0131m","description":"Pert, a\u011f\u0131r hasarl\u0131, kazal\u0131 ve sa\u011flam ara\u00e7 al\u0131m sat\u0131m\u0131. Uzman ekspertiz, \u015feffaf fiyat ve g\u00fcvenli sat\u0131\u015f garantisiyle arac\u0131n\u0131z\u0131 h\u0131zl\u0131ca sat\u0131n veya sat\u0131n!","robots":{"index":"index","follow":"follow","max-snippet":"max-snippet:-1","max-image-preview":"max-image-preview:large","max-video-preview":"max-video-preview:-1"},"canonical":"https:\/\/otomobilsatisi.com\/de\/gizlilik-ilkesi\/","og_locale":"de_DE","og_type":"article","og_title":"Pert, A\u011f\u0131r Hasarl\u0131 ve Kazal\u0131 Ara\u00e7 Al\u0131m Sat\u0131m","og_description":"Pert, a\u011f\u0131r hasarl\u0131, kazal\u0131 ve sa\u011flam ara\u00e7 al\u0131m sat\u0131m\u0131. Uzman ekspertiz, \u015feffaf fiyat ve g\u00fcvenli sat\u0131\u015f garantisiyle arac\u0131n\u0131z\u0131 h\u0131zl\u0131ca sat\u0131n veya sat\u0131n!","og_url":"https:\/\/otomobilsatisi.com\/de\/gizlilik-ilkesi\/","og_site_name":"Pert &amp; Hasarl\u0131 Ara\u00e7 Al\u0131m Sat\u0131m Platformu","article_modified_time":"2025-09-09T19:00:55+00:00","og_image":[{"width":512,"height":512,"url":"https:\/\/otomobilsatisi.com\/wp-content\/uploads\/2025\/09\/cropped-Hasarli-Arac-Alim-Satim-favicon.png","type":"image\/png"}],"twitter_card":"summary_large_image","twitter_misc":{"Gesch\u00e4tzte Lesezeit":"2\u00a0Minuten"},"schema":{"@context":"https:\/\/schema.org","@graph":[{"@type":"WebPage","@id":"https:\/\/otomobilsatisi.com\/gizlilik-ilkesi\/","url":"https:\/\/otomobilsatisi.com\/gizlilik-ilkesi\/","name":"Pert, A\u011f\u0131r Hasarl\u0131 ve Kazal\u0131 Ara\u00e7 Al\u0131m Sat\u0131m","isPartOf":{"@id":"https:\/\/otomobilsatisi.com\/#website"},"primaryImageOfPage":{"@id":"https:\/\/otomobilsatisi.com\/gizlilik-ilkesi\/#primaryimage"},"image":{"@id":"https:\/\/otomobilsatisi.com\/gizlilik-ilkesi\/#primaryimage"},"thumbnailUrl":"https:\/\/otomobilsatisi.com\/wp-content\/uploads\/2025\/09\/cropped-Hasarli-Arac-Alim-Satim-favicon.png","datePublished":"2025-08-09T22:59:43+00:00","dateModified":"2025-09-09T19:00:55+00:00","description":"Pert, a\u011f\u0131r hasarl\u0131, kazal\u0131 ve sa\u011flam ara\u00e7 al\u0131m sat\u0131m\u0131. Uzman ekspertiz, \u015feffaf fiyat ve g\u00fcvenli sat\u0131\u015f garantisiyle arac\u0131n\u0131z\u0131 h\u0131zl\u0131ca sat\u0131n veya sat\u0131n!","breadcrumb":{"@id":"https:\/\/otomobilsatisi.com\/gizlilik-ilkesi\/#breadcrumb"},"inLanguage":"de","potentialAction":[{"@type":"ReadAction","target":["https:\/\/otomobilsatisi.com\/gizlilik-ilkesi\/"]}]},{"@type":"ImageObject","inLanguage":"de","@id":"https:\/\/otomobilsatisi.com\/gizlilik-ilkesi\/#primaryimage","url":"https:\/\/otomobilsatisi.com\/wp-content\/uploads\/2025\/09\/cropped-Hasarli-Arac-Alim-Satim-favicon.png","contentUrl":"https:\/\/otomobilsatisi.com\/wp-content\/uploads\/2025\/09\/cropped-Hasarli-Arac-Alim-Satim-favicon.png","width":512,"height":512},{"@type":"BreadcrumbList","@id":"https:\/\/otomobilsatisi.com\/gizlilik-ilkesi\/#breadcrumb","itemListElement":[{"@type":"ListItem","position":1,"name":"Anasayfa","item":"https:\/\/otomobilsatisi.com\/"},{"@type":"ListItem","position":2,"name":"Gizlilik \u0130lkesi"}]},{"@type":"WebSite","@id":"https:\/\/otomobilsatisi.com\/#website","url":"https:\/\/otomobilsatisi.com\/","name":"Pert &amp; Hasarl\u0131 Ara\u00e7 Al\u0131m Sat\u0131m Platformu","description":"A\u011f\u0131r hasarl\u0131 ara\u00e7 al\u0131m sat\u0131m\u0131nda uzman ekip.","potentialAction":[{"@type":"SearchAction","target":{"@type":"EntryPoint","urlTemplate":"https:\/\/otomobilsatisi.com\/?s={search_term_string}"},"query-input":{"@type":"PropertyValueSpecification","valueRequired":true,"valueName":"search_term_string"}}],"inLanguage":"de"}]}},"_links":{"self":[{"href":"https:\/\/otomobilsatisi.com\/de\/wp-json\/wp\/v2\/pages\/435","targetHints":{"allow":["GET"]}}],"collection":[{"href":"https:\/\/otomobilsatisi.com\/de\/wp-json\/wp\/v2\/pages"}],"about":[{"href":"https:\/\/otomobilsatisi.com\/de\/wp-json\/wp\/v2\/types\/page"}],"author":[{"embeddable":true,"href":"https:\/\/otomobilsatisi.com\/de\/wp-json\/wp\/v2\/users\/1"}],"replies":[{"embeddable":true,"href":"https:\/\/otomobilsatisi.com\/de\/wp-json\/wp\/v2\/comments?post=435"}],"version-history":[{"count":11,"href":"https:\/\/otomobilsatisi.com\/de\/wp-json\/wp\/v2\/pages\/435\/revisions"}],"predecessor-version":[{"id":885,"href":"https:\/\/otomobilsatisi.com\/de\/wp-json\/wp\/v2\/pages\/435\/revisions\/885"}],"wp:featuredmedia":[{"embeddable":true,"href":"https:\/\/otomobilsatisi.com\/de\/wp-json\/wp\/v2\/media\/634"}],"wp:attachment":[{"href":"https:\/\/otomobilsatisi.com\/de\/wp-json\/wp\/v2\/media?parent=435"}],"curies":[{"name":"wp","href":"https:\/\/api.w.org\/{rel}","templated":true}]}}